{"id":191,"date":"2021-03-05T15:21:05","date_gmt":"2021-03-05T15:21:05","guid":{"rendered":"http:\/\/demos.mopro.fi\/?page_id=191"},"modified":"2023-06-02T11:01:42","modified_gmt":"2023-06-02T11:01:42","slug":"laivat","status":"publish","type":"page","link":"https:\/\/mopro.fi\/?page_id=191","title":{"rendered":"Laivastomme"},"content":{"rendered":"\n<div class=\"wp-block-group alignfull has-white-color has-black-background-color has-text-color has-background\"><div class=\"wp-block-group__inner-container\">\n<div class=\"wp-block-media-text alignwide is-stacked-on-mobile is-image-fill\"><figure class=\"wp-block-media-text__media\" style=\"background-image:url(https:\/\/mopro.fi\/wp-content\/uploads\/2021\/03\/kuva2-768x1024.jpg);background-position:50% 50%\"><img loading=\"lazy\" width=\"768\" height=\"1024\" src=\"https:\/\/mopro.fi\/wp-content\/uploads\/2021\/03\/kuva2-768x1024.jpg\" alt=\"\" class=\"wp-image-225 size-full\" srcset=\"https:\/\/mopro.fi\/wp-content\/uploads\/2021\/03\/kuva2-768x1024.jpg 768w, https:\/\/mopro.fi\/wp-content\/uploads\/2021\/03\/kuva2-225x300.jpg 225w, https:\/\/mopro.fi\/wp-content\/uploads\/2021\/03\/kuva2-1152x1536.jpg 1152w, https:\/\/mopro.fi\/wp-content\/uploads\/2021\/03\/kuva2-1536x2048.jpg 1536w, https:\/\/mopro.fi\/wp-content\/uploads\/2021\/03\/kuva2.jpg 1700w\" sizes=\"(max-width: 768px) 100vw, 768px\" \/><\/figure><div class=\"wp-block-media-text__content\">\n<h2 class=\"has-white-color has-text-color\">mv Nina<\/h2>\n\n\n\n<p>Saimax kokoluokan laiva. Nina kuljettaa p\u00e4\u00e4asiallisesti raakapuulasteja pohjoiselta Saimaalta Etel\u00e4-Saimaalle. Ninan lastikapasiteetti on 2200-2500 mt.<\/p>\n\n\n\n<figure class=\"wp-block-image size-large is-resized\"><img loading=\"lazy\" src=\"https:\/\/mopro.fi\/wp-content\/uploads\/2021\/03\/cropped-cropped-cropped-Nimeto\u0308n-1-1.png\" alt=\"\" class=\"wp-image-669\" width=\"215\" height=\"53\" srcset=\"https:\/\/mopro.fi\/wp-content\/uploads\/2021\/03\/cropped-cropped-cropped-Nimeto\u0308n-1-1.png 1022w, https:\/\/mopro.fi\/wp-content\/uploads\/2021\/03\/cropped-cropped-cropped-Nimeto\u0308n-1-1-300x73.png 300w, https:\/\/mopro.fi\/wp-content\/uploads\/2021\/03\/cropped-cropped-cropped-Nimeto\u0308n-1-1-768x188.png 768w\" sizes=\"(max-width: 215px) 100vw, 215px\" \/><\/figure>\n\n\n\n<p>MS Nina<br>tel. +358 400 251 610<br>nina@mopro.fi<\/p>\n\n\n\n<div class=\"wp-block-file\"><a href=\"https:\/\/mopro.fi\/wp-content\/uploads\/2021\/04\/Nina-pocketplan-2021.pdf\">Nina pocketplan 2021<\/a><a href=\"https:\/\/mopro.fi\/wp-content\/uploads\/2021\/04\/Nina-pocketplan-2021.pdf\" class=\"wp-block-file__button\" download>Lataa<\/a><\/div>\n<\/div><\/div>\n<\/div><\/div>\n\n\n\n<div class=\"wp-block-group alignfull has-white-background-color has-background\"><div class=\"wp-block-group__inner-container\">\n<div class=\"wp-block-media-text alignwide has-media-on-the-right is-stacked-on-mobile is-image-fill\"><figure class=\"wp-block-media-text__media\" style=\"background-image:url(https:\/\/mopro.fi\/wp-content\/uploads\/2021\/03\/Helga-1-1024x768.jpg);background-position:50% 50%\"><img loading=\"lazy\" width=\"1024\" height=\"768\" src=\"https:\/\/mopro.fi\/wp-content\/uploads\/2021\/03\/Helga-1-1024x768.jpg\" alt=\"\" class=\"wp-image-883 size-full\" srcset=\"https:\/\/mopro.fi\/wp-content\/uploads\/2021\/03\/Helga-1-1024x768.jpg 1024w, https:\/\/mopro.fi\/wp-content\/uploads\/2021\/03\/Helga-1-300x225.jpg 300w, https:\/\/mopro.fi\/wp-content\/uploads\/2021\/03\/Helga-1-768x576.jpg 768w, https:\/\/mopro.fi\/wp-content\/uploads\/2021\/03\/Helga-1.jpg 1200w\" sizes=\"(max-width: 1024px) 100vw, 1024px\" \/><\/figure><div class=\"wp-block-media-text__content\">\n<h2>mv Helga<\/h2>\n\n\n\n<p>Helga liikenn\u00f6i raakapuun kuljetuksessa Saimaan sis\u00e4isesti. Avoimena Helgan raakapuun kuljetuskapasiteetti on 2200-2400 m3.<\/p>\n\n\n\n<figure class=\"wp-block-image size-large is-resized\"><img loading=\"lazy\" src=\"https:\/\/mopro.fi\/wp-content\/uploads\/2021\/03\/cropped-cropped-cropped-cropped-cropped-cropped-cropped-cropped-Nimeton-1.gif\" alt=\"\" class=\"wp-image-668\" width=\"202\" height=\"38\"\/><\/figure>\n\n\n\n<p>mv Helga<br>tel. + 358 400 151 240<br>helga@mopro.fi<\/p>\n\n\n\n<div class=\"wp-block-file\"><a href=\"https:\/\/mopro.fi\/wp-content\/uploads\/2021\/04\/Helga-pocketplan-2021.pdf\">Helga pocketplan 2021<\/a><a href=\"https:\/\/mopro.fi\/wp-content\/uploads\/2021\/04\/Helga-pocketplan-2021.pdf\" class=\"wp-block-file__button\" download>Lataa<\/a><\/div>\n\n\n\n<p><\/p>\n<\/div><\/div>\n<\/div><\/div>\n\n\n\n<div class=\"wp-block-group alignfull has-white-color has-black-background-color has-text-color has-background\"><div class=\"wp-block-group__inner-container\">\n<div class=\"wp-block-media-text alignwide is-stacked-on-mobile is-image-fill\"><figure class=\"wp-block-media-text__media\" style=\"background-image:url(https:\/\/mopro.fi\/wp-content\/uploads\/2021\/03\/Tyrsky-1.jpg);background-position:50% 50%\"><img loading=\"lazy\" width=\"800\" height=\"532\" src=\"https:\/\/mopro.fi\/wp-content\/uploads\/2021\/03\/Tyrsky-1.jpg\" alt=\"\" class=\"wp-image-884 size-full\" srcset=\"https:\/\/mopro.fi\/wp-content\/uploads\/2021\/03\/Tyrsky-1.jpg 800w, https:\/\/mopro.fi\/wp-content\/uploads\/2021\/03\/Tyrsky-1-300x200.jpg 300w, https:\/\/mopro.fi\/wp-content\/uploads\/2021\/03\/Tyrsky-1-768x511.jpg 768w, https:\/\/mopro.fi\/wp-content\/uploads\/2021\/03\/Tyrsky-1-272x182.jpg 272w\" sizes=\"(max-width: 800px) 100vw, 800px\" \/><\/figure><div class=\"wp-block-media-text__content\">\n<h2 class=\"has-white-color has-text-color\">t\/b Tyrsky ja Vorokki-proomu.<\/h2>\n\n\n\n<p>Tyrsky on entinen puolustusvoimien  Vahakari niminen kuljetusalus. Saimaalle tuotaessa se modifioitiin puskijaksi ty\u00f6nt\u00e4m\u00e4\u00e4n Vorokki-lastiproomua.&nbsp;Yhdistelm\u00e4 on yli 100 metri\u00e4 pitk\u00e4. Tyrsky soveltuu itsen\u00e4isen\u00e4 yksikk\u00f6n\u00e4 my\u00f6s hyvin Saimaan sis\u00e4iseen huolto- ja j\u00e4\u00e4nmurtotoimintaan. Vorokki-proomu 2600 &#8211; 2800 m3.<\/p>\n\n\n\n<figure class=\"wp-block-image size-large is-resized\"><img loading=\"lazy\" src=\"https:\/\/mopro.fi\/wp-content\/uploads\/2021\/03\/cropped-cropped-cropped-Nimeto\u0308n-1-1.png\" alt=\"\" class=\"wp-image-669\" width=\"263\" height=\"64\" srcset=\"https:\/\/mopro.fi\/wp-content\/uploads\/2021\/03\/cropped-cropped-cropped-Nimeto\u0308n-1-1.png 1022w, https:\/\/mopro.fi\/wp-content\/uploads\/2021\/03\/cropped-cropped-cropped-Nimeto\u0308n-1-1-300x73.png 300w, https:\/\/mopro.fi\/wp-content\/uploads\/2021\/03\/cropped-cropped-cropped-Nimeto\u0308n-1-1-768x188.png 768w\" sizes=\"(max-width: 263px) 100vw, 263px\" \/><\/figure>\n\n\n\n<p>t\/b Tyrsky<br>+ 358 44 755 5939<br>tyrsky@mopro.fi<\/p>\n<\/div><\/div>\n<\/div><\/div>\n\n\n\n<div class=\"wp-block-group alignfull has-white-background-color has-background\"><div class=\"wp-block-group__inner-container\">\n<div class=\"wp-block-media-text alignwide has-media-on-the-right is-stacked-on-mobile is-image-fill\"><figure class=\"wp-block-media-text__media\" style=\"background-image:url(https:\/\/mopro.fi\/wp-content\/uploads\/2021\/03\/parkko.jpg);background-position:50% 50%\"><img loading=\"lazy\" width=\"861\" height=\"574\" src=\"https:\/\/mopro.fi\/wp-content\/uploads\/2021\/03\/parkko.jpg\" alt=\"\" class=\"wp-image-623 size-full\" srcset=\"https:\/\/mopro.fi\/wp-content\/uploads\/2021\/03\/parkko.jpg 861w, https:\/\/mopro.fi\/wp-content\/uploads\/2021\/03\/parkko-300x200.jpg 300w, https:\/\/mopro.fi\/wp-content\/uploads\/2021\/03\/parkko-768x512.jpg 768w, https:\/\/mopro.fi\/wp-content\/uploads\/2021\/03\/parkko-272x182.jpg 272w\" sizes=\"(max-width: 861px) 100vw, 861px\" \/><\/figure><div class=\"wp-block-media-text__content\">\n<h2>t\/b Parkko ja Sampo-proomu<\/h2>\n\n\n\n<p>Laivastoomme kuuluu my\u00f6s emoyhti\u00f6mme Fin-Terpuun omistama Parkko puskija. Parkko ty\u00f6nt\u00e4\u00e4 Sampo-proomua. Yhdistelm\u00e4 kuljettaa raakapuuta p\u00e4\u00e4asiallisesti Saimaan yl\u00e4vesilt\u00e4 Etel\u00e4-Saimaan tehdassatamiin. Sammon raakapuulastin koko on 1800-2000 m3.<\/p>\n\n\n\n<figure class=\"wp-block-image size-large\"><img loading=\"lazy\" width=\"477\" height=\"90\" src=\"https:\/\/mopro.fi\/wp-content\/uploads\/2021\/03\/fintteri.jpg\" alt=\"\" class=\"wp-image-639\" srcset=\"https:\/\/mopro.fi\/wp-content\/uploads\/2021\/03\/fintteri.jpg 477w, https:\/\/mopro.fi\/wp-content\/uploads\/2021\/03\/fintteri-300x57.jpg 300w\" sizes=\"(max-width: 477px) 100vw, 477px\" \/><\/figure>\n\n\n\n<p>t\/b Parkko<br>+ 358 400 358 385<br>parkko@fin-terpuu.fi<\/p>\n<\/div><\/div>\n<\/div><\/div>\n\n\n\n<div class=\"wp-block-group alignfull has-black-background-color has-background\"><div class=\"wp-block-group__inner-container\">\n<div class=\"wp-block-media-text alignwide is-stacked-on-mobile\"><figure class=\"wp-block-media-text__media\"><img loading=\"lazy\" width=\"1024\" height=\"768\" src=\"https:\/\/mopro.fi\/wp-content\/uploads\/2021\/03\/roto-1024x768.jpg\" alt=\"\" class=\"wp-image-666 size-full\" srcset=\"https:\/\/mopro.fi\/wp-content\/uploads\/2021\/03\/roto-1024x768.jpg 1024w, https:\/\/mopro.fi\/wp-content\/uploads\/2021\/03\/roto-300x225.jpg 300w, https:\/\/mopro.fi\/wp-content\/uploads\/2021\/03\/roto-768x576.jpg 768w, https:\/\/mopro.fi\/wp-content\/uploads\/2021\/03\/roto-1536x1152.jpg 1536w, https:\/\/mopro.fi\/wp-content\/uploads\/2021\/03\/roto-2048x1536.jpg 2048w\" sizes=\"(max-width: 1024px) 100vw, 1024px\" \/><\/figure><div class=\"wp-block-media-text__content\">\n<h2 class=\"has-white-color has-text-color\">J\u00e4rjestelyhinaaja Roto<\/h2>\n\n\n\n<p class=\"has-white-color has-text-color\">Roto on ketter\u00e4 j\u00e4rjestelyhinaaja, jota k\u00e4ytet\u00e4\u00e4n Savonlinnan Inkil\u00e4nniemen telakalla huolto- ja j\u00e4rjestelyt\u00f6iss\u00e4 sek\u00e4 avustamaan isompien alusten telakointeja.<\/p>\n\n\n\n<figure class=\"wp-block-image size-large is-resized\"><img loading=\"lazy\" src=\"https:\/\/mopro.fi\/wp-content\/uploads\/2021\/03\/cropped-cropped-cropped-Nimeto\u0308n-1-1.png\" alt=\"\" class=\"wp-image-669\" width=\"203\" height=\"49\" srcset=\"https:\/\/mopro.fi\/wp-content\/uploads\/2021\/03\/cropped-cropped-cropped-Nimeto\u0308n-1-1.png 1022w, https:\/\/mopro.fi\/wp-content\/uploads\/2021\/03\/cropped-cropped-cropped-Nimeto\u0308n-1-1-300x73.png 300w, https:\/\/mopro.fi\/wp-content\/uploads\/2021\/03\/cropped-cropped-cropped-Nimeto\u0308n-1-1-768x188.png 768w\" sizes=\"(max-width: 203px) 100vw, 203px\" \/><\/figure>\n<\/div><\/div>\n<\/div><\/div>\n\n\n\n<div class=\"wp-block-media-text alignwide is-stacked-on-mobile\"><figure class=\"wp-block-media-text__media\"><img loading=\"lazy\" width=\"1024\" height=\"768\" src=\"https:\/\/mopro.fi\/wp-content\/uploads\/2023\/06\/matari-1024x768.jpg\" alt=\"\" class=\"wp-image-979 size-full\" srcset=\"https:\/\/mopro.fi\/wp-content\/uploads\/2023\/06\/matari-1024x768.jpg 1024w, https:\/\/mopro.fi\/wp-content\/uploads\/2023\/06\/matari-300x225.jpg 300w, https:\/\/mopro.fi\/wp-content\/uploads\/2023\/06\/matari-768x576.jpg 768w, https:\/\/mopro.fi\/wp-content\/uploads\/2023\/06\/matari-1536x1152.jpg 1536w, https:\/\/mopro.fi\/wp-content\/uploads\/2023\/06\/matari-2048x1536.jpg 2048w\" sizes=\"(max-width: 1024px) 100vw, 1024px\" \/><\/figure><div class=\"wp-block-media-text__content\">\n<h2 class=\"has-white-color has-text-color\">t\/b Tyrsky ja Vorokki-proomu.<\/h2>\n\n\n\n<p style=\"font-size:22px\"><strong>t\/b Matari ja Kuutar\/V\u00e4in\u00e4m\u00f6inen proomut<\/strong><\/p>\n\n\n\n<p>Matari on Saimaalle suunniteltu hinaaja\/j\u00e4\u00e4nmurtaja.&nbsp;Yhdistelm\u00e4 on yli 80 metri\u00e4 pitk\u00e4. Matari soveltuu itsen\u00e4isen\u00e4 yksikk\u00f6n\u00e4 my\u00f6s hyvin Saimaan sis\u00e4iseen huolto- ja j\u00e4\u00e4nmurtotoimintaan. V\u00e4in\u00e4m\u00f6inen\/Kuutar-proomu 2000 m3.<\/p>\n\n\n\n<figure class=\"wp-block-image size-large is-resized\"><img loading=\"lazy\" src=\"https:\/\/mopro.fi\/wp-content\/uploads\/2021\/03\/cropped-cropped-cropped-Nimeto\u0308n-1-1.png\" alt=\"\" class=\"wp-image-669\" width=\"263\" height=\"64\" srcset=\"https:\/\/mopro.fi\/wp-content\/uploads\/2021\/03\/cropped-cropped-cropped-Nimeto\u0308n-1-1.png 1022w, https:\/\/mopro.fi\/wp-content\/uploads\/2021\/03\/cropped-cropped-cropped-Nimeto\u0308n-1-1-300x73.png 300w, https:\/\/mopro.fi\/wp-content\/uploads\/2021\/03\/cropped-cropped-cropped-Nimeto\u0308n-1-1-768x188.png 768w\" sizes=\"(max-width: 263px) 100vw, 263px\" \/><\/figure>\n\n\n\n<p>t\/b Matari<br>+ 358 41 319 5481<br>matari@mopro.fi<\/p>\n<\/div><\/div>\n\n\n\n<p style=\"font-size:10px\">Copyright Mopro 2021.<\/p>\n","protected":false},"excerpt":{"rendered":"<p>Copyright Mopro 2021.<\/p>\n","protected":false},"author":1,"featured_media":0,"parent":0,"menu_order":0,"comment_status":"closed","ping_status":"closed","template":"","meta":{"gt_page_layout":"","gt_hide_page_title":false,"gt_remove_bottom_margin":false},"_links":{"self":[{"href":"https:\/\/mopro.fi\/index.php?rest_route=\/wp\/v2\/pages\/191"}],"collection":[{"href":"https:\/\/mopro.fi\/index.php?rest_route=\/wp\/v2\/pages"}],"about":[{"href":"https:\/\/mopro.fi\/index.php?rest_route=\/wp\/v2\/types\/page"}],"author":[{"embeddable":true,"href":"https:\/\/mopro.fi\/index.php?rest_route=\/wp\/v2\/users\/1"}],"replies":[{"embeddable":true,"href":"https:\/\/mopro.fi\/index.php?rest_route=%2Fwp%2Fv2%2Fcomments&post=191"}],"version-history":[{"count":53,"href":"https:\/\/mopro.fi\/index.php?rest_route=\/wp\/v2\/pages\/191\/revisions"}],"predecessor-version":[{"id":989,"href":"https:\/\/mopro.fi\/index.php?rest_route=\/wp\/v2\/pages\/191\/revisions\/989"}],"wp:attachment":[{"href":"https:\/\/mopro.fi\/index.php?rest_route=%2Fwp%2Fv2%2Fmedia&parent=191"}],"curies":[{"name":"wp","href":"https:\/\/api.w.org\/{rel}","templated":true}]}}