{"id":38,"date":"2021-03-04T11:13:29","date_gmt":"2021-03-04T11:13:29","guid":{"rendered":"http:\/\/demos.mopro.fi\/?page_id=38"},"modified":"2023-06-02T08:56:48","modified_gmt":"2023-06-02T08:56:48","slug":"etusivu","status":"publish","type":"page","link":"https:\/\/mopro.fi\/","title":{"rendered":"Mopro Oy"},"content":{"rendered":"\n<div class=\"wp-block-group\"><div class=\"wp-block-group__inner-container\">\n<p>Tarjoamme monipuolista palvelua laivakuljetusten parissa. Raakapuun kuljetuksista meill\u00e4 on vankka vuosikymmenien kokemus. Olemme osana&nbsp;<a rel=\"noreferrer noopener\" href=\"https:\/\/href.li\/?http:\/\/fin-terpuu.fi\/\" target=\"_blank\">Fin-Terpuu<\/a>&nbsp;konsernia ja tarjoamme kokonaisvaltaisia kuljetusratkaisuja; lastaus \u2013 laivakuljetus \u2013 purku.<\/p>\n<\/div><\/div>\n\n\n\n<div class=\"wp-block-group alignfull has-white-color has-black-background-color has-text-color has-background\"><div class=\"wp-block-group__inner-container\">\n<div class=\"wp-block-media-text alignwide is-stacked-on-mobile\"><figure class=\"wp-block-media-text__media\"><img loading=\"lazy\" width=\"768\" height=\"1024\" src=\"https:\/\/mopro.fi\/wp-content\/uploads\/2021\/03\/telakka.jpeg\" alt=\"\" class=\"wp-image-571 size-full\" srcset=\"https:\/\/mopro.fi\/wp-content\/uploads\/2021\/03\/telakka.jpeg 768w, https:\/\/mopro.fi\/wp-content\/uploads\/2021\/03\/telakka-225x300.jpeg 225w\" sizes=\"(max-width: 768px) 100vw, 768px\" \/><\/figure><div class=\"wp-block-media-text__content\">\n<h2 class=\"has-white-color has-text-color\">Telakkatoiminta<\/h2>\n\n\n\n<p>Mopro Oy:n allastelakka Savonlinnan Inkil\u00e4nniemess\u00e4.<\/p>\n\n\n\n<p>Telakka-altaan koko (leveys 27m, pituus 84m) mahdollistaa suurempienkin alusten telakoinnin (Saimax) tai vaihtoehtoisesti useamman pienemm\u00e4n aluksen samanaikaisen telakoinnin.<\/p>\n<\/div><\/div>\n<\/div><\/div>\n\n\n\n<div class=\"wp-block-group alignfull has-white-background-color has-background\"><div class=\"wp-block-group__inner-container\">\n<div class=\"wp-block-media-text alignwide has-media-on-the-right is-stacked-on-mobile\"><figure class=\"wp-block-media-text__media\"><img loading=\"lazy\" width=\"1024\" height=\"768\" src=\"https:\/\/mopro.fi\/wp-content\/uploads\/2021\/03\/helga-1024x768.jpg\" alt=\"\" class=\"wp-image-568 size-full\" srcset=\"https:\/\/mopro.fi\/wp-content\/uploads\/2021\/03\/helga-1024x768.jpg 1024w, https:\/\/mopro.fi\/wp-content\/uploads\/2021\/03\/helga-300x225.jpg 300w, https:\/\/mopro.fi\/wp-content\/uploads\/2021\/03\/helga-768x576.jpg 768w, https:\/\/mopro.fi\/wp-content\/uploads\/2021\/03\/helga-1536x1152.jpg 1536w, https:\/\/mopro.fi\/wp-content\/uploads\/2021\/03\/helga-2048x1536.jpg 2048w\" sizes=\"(max-width: 1024px) 100vw, 1024px\" \/><\/figure><div class=\"wp-block-media-text__content\">\n<h2>Helga laiva sivuuttaa Olavinlinnaa Savonlinnan Kyr\u00f6nsalmessa.<\/h2>\n\n\n\n<p>Kyr\u00f6nsalmen v\u00e4yl\u00e4 ei ole en\u00e4\u00e4 rahtiliikenteen k\u00e4yt\u00f6ss\u00e4 uuden ja turvallisemman Laitaatsalmen syv\u00e4v\u00e4yl\u00e4n k\u00e4ytt\u00f6\u00f6noton j\u00e4lkeen. Laitaatsalmen laivav\u00e4yl\u00e4 otettiin kavennettuna k\u00e4ytt\u00f6\u00f6n 1.6.2019 ja t\u00e4ydess\u00e4 leveydess\u00e4 23.8.2019, kertoo V\u00e4yl\u00e4viraston nettisivut.<\/p>\n<\/div><\/div>\n<\/div><\/div>\n\n\n\n<div class=\"wp-block-group alignfull has-white-color has-black-background-color has-text-color has-background\"><div class=\"wp-block-group__inner-container\">\n<div class=\"wp-block-media-text alignwide is-stacked-on-mobile\"><figure class=\"wp-block-media-text__media\"><img loading=\"lazy\" width=\"1024\" height=\"669\" src=\"https:\/\/mopro.fi\/wp-content\/uploads\/2021\/03\/TYrsky-keva\u0308t-2017-1024x669.jpg\" alt=\"\" class=\"wp-image-622 size-full\" srcset=\"https:\/\/mopro.fi\/wp-content\/uploads\/2021\/03\/TYrsky-keva\u0308t-2017-1024x669.jpg 1024w, https:\/\/mopro.fi\/wp-content\/uploads\/2021\/03\/TYrsky-keva\u0308t-2017-300x196.jpg 300w, https:\/\/mopro.fi\/wp-content\/uploads\/2021\/03\/TYrsky-keva\u0308t-2017-768x501.jpg 768w, https:\/\/mopro.fi\/wp-content\/uploads\/2021\/03\/TYrsky-keva\u0308t-2017-1536x1003.jpg 1536w, https:\/\/mopro.fi\/wp-content\/uploads\/2021\/03\/TYrsky-keva\u0308t-2017.jpg 1760w\" sizes=\"(max-width: 1024px) 100vw, 1024px\" \/><\/figure><div class=\"wp-block-media-text__content\">\n<h2 class=\"has-white-color has-text-color\">Laivamme liikkeell\u00e4<\/h2>\n\n\n\n<p>Tutustu Finnpilotin nettisivuilta l\u00f6ytyv\u00e4\u00e4n laivojen seurantasivustoon, jossa voit seurata miss\u00e4 liikumme.<\/p>\n\n\n\n<div class=\"wp-block-buttons\">\n<div class=\"wp-block-button\"><a class=\"wp-block-button__link\" href=\"https:\/\/finnpilot.fi\/asiakkaille\/liikennetilanne\/\" target=\"_blank\" rel=\"noreferrer noopener\">Katso miss\u00e4 liikumme.<\/a><\/div>\n<\/div>\n<\/div><\/div>\n<\/div><\/div>\n\n\n\n<div class=\"wp-block-group alignfull has-white-background-color has-background\"><div class=\"wp-block-group__inner-container\">\n<div class=\"wp-block-media-text alignwide has-media-on-the-right is-stacked-on-mobile is-image-fill\"><figure class=\"wp-block-media-text__media\" style=\"background-image:url(https:\/\/mopro.fi\/wp-content\/uploads\/2021\/03\/Saimaan-kanava-5300834-1024x740.jpg);background-position:50% 50%\"><img loading=\"lazy\" width=\"1024\" height=\"740\" src=\"https:\/\/mopro.fi\/wp-content\/uploads\/2021\/03\/Saimaan-kanava-5300834-1024x740.jpg\" alt=\"\" class=\"wp-image-683 size-full\" srcset=\"https:\/\/mopro.fi\/wp-content\/uploads\/2021\/03\/Saimaan-kanava-5300834-1024x740.jpg 1024w, https:\/\/mopro.fi\/wp-content\/uploads\/2021\/03\/Saimaan-kanava-5300834-300x217.jpg 300w, https:\/\/mopro.fi\/wp-content\/uploads\/2021\/03\/Saimaan-kanava-5300834-768x555.jpg 768w, https:\/\/mopro.fi\/wp-content\/uploads\/2021\/03\/Saimaan-kanava-5300834-1536x1110.jpg 1536w, https:\/\/mopro.fi\/wp-content\/uploads\/2021\/03\/Saimaan-kanava-5300834.jpg 1600w\" sizes=\"(max-width: 1024px) 100vw, 1024px\" \/><\/figure><div class=\"wp-block-media-text__content\">\n<figure class=\"wp-block-video\"><video autoplay controls loop muted src=\"https:\/\/mopro.fi\/wp-content\/uploads\/2021\/03\/kanava.mp4\"><\/video><\/figure>\n<\/div><\/div>\n\n\n\n<figure class=\"wp-block-image size-large is-resized\"><img loading=\"lazy\" src=\"https:\/\/mopro.fi\/wp-content\/uploads\/2021\/03\/cropped-cropped-cropped-Nimeto\u0308n-1-1.png\" alt=\"\" class=\"wp-image-669\" width=\"185\" height=\"45\" srcset=\"https:\/\/mopro.fi\/wp-content\/uploads\/2021\/03\/cropped-cropped-cropped-Nimeto\u0308n-1-1.png 1022w, https:\/\/mopro.fi\/wp-content\/uploads\/2021\/03\/cropped-cropped-cropped-Nimeto\u0308n-1-1-300x73.png 300w, https:\/\/mopro.fi\/wp-content\/uploads\/2021\/03\/cropped-cropped-cropped-Nimeto\u0308n-1-1-768x188.png 768w\" sizes=\"(max-width: 185px) 100vw, 185px\" \/><\/figure>\n\n\n\n<p style=\"font-size:10px\">Copyright mopro 2021.<\/p>\n<\/div><\/div>\n","protected":false},"excerpt":{"rendered":"","protected":false},"author":1,"featured_media":0,"parent":0,"menu_order":0,"comment_status":"closed","ping_status":"closed","template":"elementor_theme","meta":{"gt_page_layout":"","gt_hide_page_title":false,"gt_remove_bottom_margin":false},"_links":{"self":[{"href":"https:\/\/mopro.fi\/index.php?rest_route=\/wp\/v2\/pages\/38"}],"collection":[{"href":"https:\/\/mopro.fi\/index.php?rest_route=\/wp\/v2\/pages"}],"about":[{"href":"https:\/\/mopro.fi\/index.php?rest_route=\/wp\/v2\/types\/page"}],"author":[{"embeddable":true,"href":"https:\/\/mopro.fi\/index.php?rest_route=\/wp\/v2\/users\/1"}],"replies":[{"embeddable":true,"href":"https:\/\/mopro.fi\/index.php?rest_route=%2Fwp%2Fv2%2Fcomments&post=38"}],"version-history":[{"count":86,"href":"https:\/\/mopro.fi\/index.php?rest_route=\/wp\/v2\/pages\/38\/revisions"}],"predecessor-version":[{"id":985,"href":"https:\/\/mopro.fi\/index.php?rest_route=\/wp\/v2\/pages\/38\/revisions\/985"}],"wp:attachment":[{"href":"https:\/\/mopro.fi\/index.php?rest_route=%2Fwp%2Fv2%2Fmedia&parent=38"}],"curies":[{"name":"wp","href":"https:\/\/api.w.org\/{rel}","templated":true}]}}